{"id":11289,"date":"2021-01-05T20:09:32","date_gmt":"2021-01-06T04:39:32","guid":{"rendered":"https:\/\/kazaamseo.com\/testimonios\/"},"modified":"2025-07-05T18:15:57","modified_gmt":"2025-07-06T02:45:57","slug":"testimonios","status":"publish","type":"page","link":"https:\/\/kazaamseo.com\/es\/testimonios\/","title":{"rendered":"Testimonios"},"content":{"rendered":"\t\t<div data-elementor-type=\"wp-page\" data-elementor-id=\"11289\" class=\"elementor elementor-11289 elementor-4160\" data-elementor-post-type=\"page\">\n\t\t\t\t\t\t<section class=\"elementor-section elementor-top-section elementor-element elementor-element-aa3d122 elementor-section-boxed elementor-section-height-default elementor-section-height-default\" data-id=\"aa3d122\" data-element_type=\"section\" data-settings=\"{&quot;background_background&quot;:&quot;classic&quot;}\">\n\t\t\t\t\t\t\t<div class=\"elementor-background-overlay\"><\/div>\n\t\t\t\t\t\t\t<div class=\"elementor-container elementor-column-gap-default\">\n\t\t\t\t\t<div class=\"elementor-column elementor-col-100 elementor-top-column elementor-element elementor-element-4de32e9\" data-id=\"4de32e9\" data-element_type=\"column\">\n\t\t\t<div class=\"elementor-widget-wrap elementor-element-populated\">\n\t\t\t\t\t\t<div class=\"elementor-element elementor-element-0ef359d elementor-widget elementor-widget-heading\" data-id=\"0ef359d\" data-element_type=\"widget\" data-widget_type=\"heading.default\">\n\t\t\t\t<div class=\"elementor-widget-container\">\n\t\t\t<h2 class=\"elementor-heading-title elementor-size-default\">\n\u00a1Gracias por elegir KazaamSEO!<\/h2>\t\t<\/div>\n\t\t\t\t<\/div>\n\t\t\t\t\t<\/div>\n\t\t<\/div>\n\t\t\t\t\t<\/div>\n\t\t<\/section>\n\t\t\t\t<section class=\"elementor-section elementor-top-section elementor-element elementor-element-603261e elementor-section-boxed elementor-section-height-default elementor-section-height-default\" data-id=\"603261e\" data-element_type=\"section\">\n\t\t\t\t\t\t<div class=\"elementor-container elementor-column-gap-default\">\n\t\t\t\t\t<div class=\"elementor-column elementor-col-100 elementor-top-column elementor-element elementor-element-e2be86c\" data-id=\"e2be86c\" data-element_type=\"column\">\n\t\t\t<div class=\"elementor-widget-wrap elementor-element-populated\">\n\t\t\t\t\t\t<div class=\"elementor-element elementor-element-3d465c9 elementor-widget elementor-widget-text-editor\" data-id=\"3d465c9\" data-element_type=\"widget\" data-widget_type=\"text-editor.default\">\n\t\t\t\t<div class=\"elementor-widget-container\">\n\t\t\t\t\t\t\t<p><strong>Haga clic en <a href=\"https:\/\/www.brightlocal.com\/agency-directory\/agencies\/kazaamseo\" target=\"_blank\" rel=\"noopener\"><span style=\"text-decoration: underline;\">este enlace<\/span><\/a> Para ver nuestras rese\u00f1as<\/strong><\/p>\t\t\t\t\t\t<\/div>\n\t\t\t\t<\/div>\n\t\t\t\t<div class=\"elementor-element elementor-element-e1499d1 elementor-widget elementor-widget-image\" data-id=\"e1499d1\" data-element_type=\"widget\" data-widget_type=\"image.default\">\n\t\t\t\t<div class=\"elementor-widget-container\">\n\t\t\t\t\t\t\t\t\t\t\t\t\t<img fetchpriority=\"high\" decoding=\"async\" width=\"1024\" height=\"749\" src=\"https:\/\/kazaamseo.com\/wp-content\/uploads\/2022\/08\/brightlocal-reviews-1024x749.jpg\" class=\"attachment-large size-large wp-image-5889\" alt=\"brightlocal reviews\" srcset=\"https:\/\/kazaamseo.com\/wp-content\/uploads\/2022\/08\/brightlocal-reviews-1024x749.jpg 1024w, https:\/\/kazaamseo.com\/wp-content\/uploads\/2022\/08\/brightlocal-reviews-300x219.jpg 300w, https:\/\/kazaamseo.com\/wp-content\/uploads\/2022\/08\/brightlocal-reviews-768x562.jpg 768w, https:\/\/kazaamseo.com\/wp-content\/uploads\/2022\/08\/brightlocal-reviews.jpg 1117w\" sizes=\"(max-width: 1024px) 100vw, 1024px\" \/>\t\t\t\t\t\t\t\t\t\t\t\t\t<\/div>\n\t\t\t\t<\/div>\n\t\t\t\t\t<\/div>\n\t\t<\/div>\n\t\t\t\t\t<\/div>\n\t\t<\/section>\n\t\t\t\t<section class=\"elementor-section elementor-top-section elementor-element elementor-element-b46cd46 elementor-section-boxed elementor-section-height-default elementor-section-height-default\" data-id=\"b46cd46\" data-element_type=\"section\">\n\t\t\t\t\t\t<div class=\"elementor-container elementor-column-gap-default\">\n\t\t\t\t\t<div class=\"elementor-column elementor-col-100 elementor-top-column elementor-element elementor-element-34f74a2\" data-id=\"34f74a2\" data-element_type=\"column\">\n\t\t\t<div class=\"elementor-widget-wrap elementor-element-populated\">\n\t\t\t\t\t\t<div class=\"elementor-element elementor-element-892a4e1 elementor-widget elementor-widget-heading\" data-id=\"892a4e1\" data-element_type=\"widget\" data-widget_type=\"heading.default\">\n\t\t\t\t<div class=\"elementor-widget-container\">\n\t\t\t<h2 class=\"elementor-heading-title elementor-size-default\"><a href=\"https:\/\/www.upwork.com\/freelancers\/kazaamseo?mp_source=share\">Rese\u00f1as de Upwork<\/a><\/h2>\t\t<\/div>\n\t\t\t\t<\/div>\n\t\t\t\t\t<\/div>\n\t\t<\/div>\n\t\t\t\t\t<\/div>\n\t\t<\/section>\n\t\t\t\t<section class=\"elementor-section elementor-top-section elementor-element elementor-element-bd7316a elementor-section-boxed elementor-section-height-default elementor-section-height-default\" data-id=\"bd7316a\" data-element_type=\"section\">\n\t\t\t\t\t\t<div class=\"elementor-container elementor-column-gap-default\">\n\t\t\t\t\t<div class=\"elementor-column elementor-col-33 elementor-top-column elementor-element elementor-element-0925c3a\" data-id=\"0925c3a\" data-element_type=\"column\" data-settings=\"{&quot;background_background&quot;:&quot;classic&quot;}\">\n\t\t\t<div class=\"elementor-widget-wrap elementor-element-populated\">\n\t\t\t\t\t\t<div class=\"elementor-element elementor-element-ed2e2ab elementor-view-default elementor-widget elementor-widget-icon\" data-id=\"ed2e2ab\" data-element_type=\"widget\" data-widget_type=\"icon.default\">\n\t\t\t\t<div class=\"elementor-widget-container\">\n\t\t\t\t\t<div class=\"elementor-icon-wrapper\">\n\t\t\t<div class=\"elementor-icon\">\n\t\t\t<i aria-hidden=\"true\" class=\"far fa-comment-dots\"><\/i>\t\t\t<\/div>\n\t\t<\/div>\n\t\t\t\t<\/div>\n\t\t\t\t<\/div>\n\t\t\t\t<div class=\"elementor-element elementor-element-9d5f6cf elementor-widget elementor-widget-text-editor\" data-id=\"9d5f6cf\" data-element_type=\"widget\" data-widget_type=\"text-editor.default\">\n\t\t\t\t<div class=\"elementor-widget-container\">\n\t\t\t\t\t\t\t<p>\u201cNuestra empresa familiar conf\u00eda a estos chicos todo lo relacionado con nuestro marketing y ha dado sus frutos. Personalmente creo que son el secreto mejor guardado para los propietarios de peque\u00f1as empresas como nosotros. Recomiendo KazaamSEO a cualquiera que quiera ver un buen retorno de su inversi\u00f3n en marketing!\u201d<\/p>\t\t\t\t\t\t<\/div>\n\t\t\t\t<\/div>\n\t\t\t\t<div class=\"elementor-element elementor-element-451a566 elementor-star-rating--align-center elementor--star-style-star_unicode elementor-widget elementor-widget-star-rating\" data-id=\"451a566\" data-element_type=\"widget\" data-widget_type=\"star-rating.default\">\n\t\t\t\t<div class=\"elementor-widget-container\">\n\t\t\t\n\t\t<div class=\"elementor-star-rating__wrapper\">\n\t\t\t\t\t\t\t<div class=\"elementor-star-rating__title\">5.00<\/div>\n\t\t\t\t\t\t<div class=\"elementor-star-rating\" title=\"5\/5\" itemtype=\"http:\/\/schema.org\/Rating\" itemscope=\"\" itemprop=\"reviewRating\"><i class=\"elementor-star-full\">&#9733;<\/i><i class=\"elementor-star-full\">&#9733;<\/i><i class=\"elementor-star-full\">&#9733;<\/i><i class=\"elementor-star-full\">&#9733;<\/i><i class=\"elementor-star-full\">&#9733;<\/i> <span itemprop=\"ratingValue\" class=\"elementor-screen-only\">5\/5<\/span><\/div>\t\t<\/div>\n\t\t\t\t<\/div>\n\t\t\t\t<\/div>\n\t\t\t\t<div class=\"elementor-element elementor-element-6dbe296 elementor-widget elementor-widget-text-editor\" data-id=\"6dbe296\" data-element_type=\"widget\" data-widget_type=\"text-editor.default\">\n\t\t\t\t<div class=\"elementor-widget-container\">\n\t\t\t\t\t\t\t<p>9 de noviembre de 2020<\/p>\t\t\t\t\t\t<\/div>\n\t\t\t\t<\/div>\n\t\t\t\t\t<\/div>\n\t\t<\/div>\n\t\t\t\t<div class=\"elementor-column elementor-col-33 elementor-top-column elementor-element elementor-element-eff72b8\" data-id=\"eff72b8\" data-element_type=\"column\" data-settings=\"{&quot;background_background&quot;:&quot;classic&quot;}\">\n\t\t\t<div class=\"elementor-widget-wrap elementor-element-populated\">\n\t\t\t\t\t\t<div class=\"elementor-element elementor-element-0570670 elementor-view-default elementor-widget elementor-widget-icon\" data-id=\"0570670\" data-element_type=\"widget\" data-widget_type=\"icon.default\">\n\t\t\t\t<div class=\"elementor-widget-container\">\n\t\t\t\t\t<div class=\"elementor-icon-wrapper\">\n\t\t\t<div class=\"elementor-icon\">\n\t\t\t<i aria-hidden=\"true\" class=\"far fa-comment-dots\"><\/i>\t\t\t<\/div>\n\t\t<\/div>\n\t\t\t\t<\/div>\n\t\t\t\t<\/div>\n\t\t\t\t<div class=\"elementor-element elementor-element-20bd219 elementor-widget elementor-widget-text-editor\" data-id=\"20bd219\" data-element_type=\"widget\" data-widget_type=\"text-editor.default\">\n\t\t\t\t<div class=\"elementor-widget-container\">\n\t\t\t\t\t\t\t<p><em>\u201cGracias por todo el trabajo que hab\u00e9is dedicado a mi sitio web. Sin duda os recomendar\u00e9 a otros. Que Dios os bendiga\u201d.<\/em><\/p>\t\t\t\t\t\t<\/div>\n\t\t\t\t<\/div>\n\t\t\t\t<div class=\"elementor-element elementor-element-c7a5d1c elementor-star-rating--align-center elementor--star-style-star_unicode elementor-widget elementor-widget-star-rating\" data-id=\"c7a5d1c\" data-element_type=\"widget\" data-widget_type=\"star-rating.default\">\n\t\t\t\t<div class=\"elementor-widget-container\">\n\t\t\t\n\t\t<div class=\"elementor-star-rating__wrapper\">\n\t\t\t\t\t\t\t<div class=\"elementor-star-rating__title\">5.00<\/div>\n\t\t\t\t\t\t<div class=\"elementor-star-rating\" title=\"5\/5\" itemtype=\"http:\/\/schema.org\/Rating\" itemscope=\"\" itemprop=\"reviewRating\"><i class=\"elementor-star-full\">&#9733;<\/i><i class=\"elementor-star-full\">&#9733;<\/i><i class=\"elementor-star-full\">&#9733;<\/i><i class=\"elementor-star-full\">&#9733;<\/i><i class=\"elementor-star-full\">&#9733;<\/i> <span itemprop=\"ratingValue\" class=\"elementor-screen-only\">5\/5<\/span><\/div>\t\t<\/div>\n\t\t\t\t<\/div>\n\t\t\t\t<\/div>\n\t\t\t\t<div class=\"elementor-element elementor-element-5f7d5f7 elementor-widget elementor-widget-text-editor\" data-id=\"5f7d5f7\" data-element_type=\"widget\" data-widget_type=\"text-editor.default\">\n\t\t\t\t<div class=\"elementor-widget-container\">\n\t\t\t\t\t\t\t<p>8 de octubre de 2020<\/p>\t\t\t\t\t\t<\/div>\n\t\t\t\t<\/div>\n\t\t\t\t\t<\/div>\n\t\t<\/div>\n\t\t\t\t<div class=\"elementor-column elementor-col-33 elementor-top-column elementor-element elementor-element-6a5c43e\" data-id=\"6a5c43e\" data-element_type=\"column\" data-settings=\"{&quot;background_background&quot;:&quot;classic&quot;}\">\n\t\t\t<div class=\"elementor-widget-wrap elementor-element-populated\">\n\t\t\t\t\t\t<div class=\"elementor-element elementor-element-25fb942 elementor-view-default elementor-widget elementor-widget-icon\" data-id=\"25fb942\" data-element_type=\"widget\" data-widget_type=\"icon.default\">\n\t\t\t\t<div class=\"elementor-widget-container\">\n\t\t\t\t\t<div class=\"elementor-icon-wrapper\">\n\t\t\t<div class=\"elementor-icon\">\n\t\t\t<i aria-hidden=\"true\" class=\"far fa-comment-dots\"><\/i>\t\t\t<\/div>\n\t\t<\/div>\n\t\t\t\t<\/div>\n\t\t\t\t<\/div>\n\t\t\t\t<div class=\"elementor-element elementor-element-4f9f560 elementor-widget elementor-widget-text-editor\" data-id=\"4f9f560\" data-element_type=\"widget\" data-widget_type=\"text-editor.default\">\n\t\t\t\t<div class=\"elementor-widget-container\">\n\t\t\t\t\t\t\t<p><em>\u201cEsta fue la mejor experiencia que he tenido con SEO. Caleb estaba muy bien informado y eficaz con sus optimizaciones de mi sitio web. Nos mantuvo informados en cada paso del camino y honestamente super\u00f3 nuestras expectativas. Ahora estamos en la primera p\u00e1gina y seguiremos trabajando con Caleb para mantener nuestros rankings. Realmente aprecio todo lo que \u00e9l y su equipo han hecho por nosotros \u201c.<\/em><\/p>\t\t\t\t\t\t<\/div>\n\t\t\t\t<\/div>\n\t\t\t\t<div class=\"elementor-element elementor-element-915c69f elementor-star-rating--align-center elementor--star-style-star_unicode elementor-widget elementor-widget-star-rating\" data-id=\"915c69f\" data-element_type=\"widget\" data-widget_type=\"star-rating.default\">\n\t\t\t\t<div class=\"elementor-widget-container\">\n\t\t\t\n\t\t<div class=\"elementor-star-rating__wrapper\">\n\t\t\t\t\t\t\t<div class=\"elementor-star-rating__title\">5.00<\/div>\n\t\t\t\t\t\t<div class=\"elementor-star-rating\" title=\"5\/5\" itemtype=\"http:\/\/schema.org\/Rating\" itemscope=\"\" itemprop=\"reviewRating\"><i class=\"elementor-star-full\">&#9733;<\/i><i class=\"elementor-star-full\">&#9733;<\/i><i class=\"elementor-star-full\">&#9733;<\/i><i class=\"elementor-star-full\">&#9733;<\/i><i class=\"elementor-star-full\">&#9733;<\/i> <span itemprop=\"ratingValue\" class=\"elementor-screen-only\">5\/5<\/span><\/div>\t\t<\/div>\n\t\t\t\t<\/div>\n\t\t\t\t<\/div>\n\t\t\t\t<div class=\"elementor-element elementor-element-138cc99 elementor-widget elementor-widget-text-editor\" data-id=\"138cc99\" data-element_type=\"widget\" data-widget_type=\"text-editor.default\">\n\t\t\t\t<div class=\"elementor-widget-container\">\n\t\t\t\t\t\t\t<p>16 de septiembre de 2020<\/p>\t\t\t\t\t\t<\/div>\n\t\t\t\t<\/div>\n\t\t\t\t\t<\/div>\n\t\t<\/div>\n\t\t\t\t\t<\/div>\n\t\t<\/section>\n\t\t\t\t<\/div>\n\t\t","protected":false},"excerpt":{"rendered":"<p>\u00a1Gracias por elegir KazaamSEO! Haga clic en este enlace Para ver nuestras rese\u00f1as Rese\u00f1as de Upwork \u201cNuestra empresa familiar conf\u00eda a estos chicos todo lo relacionado con nuestro marketing y ha dado sus frutos. Personalmente creo que son el secreto mejor guardado para los propietarios de peque\u00f1as empresas como nosotros. Recomiendo KazaamSEO a cualquiera que [&hellip;]<\/p>\n","protected":false},"author":1,"featured_media":0,"parent":0,"menu_order":0,"comment_status":"closed","ping_status":"closed","template":"","meta":{"site-sidebar-layout":"no-sidebar","site-content-layout":"page-builder","ast-site-content-layout":"full-width-container","site-content-style":"unboxed","site-sidebar-style":"unboxed","ast-global-header-display":"","ast-banner-title-visibility":"","ast-main-header-display":"","ast-hfb-above-header-display":"","ast-hfb-below-header-display":"","ast-hfb-mobile-header-display":"","site-post-title":"disabled","ast-breadcrumbs-content":"","ast-featured-img":"disabled","footer-sml-layout":"","theme-transparent-header-meta":"default","adv-header-id-meta":"","stick-header-meta":"","header-above-stick-meta":"","header-main-stick-meta":"","header-below-stick-meta":"","astra-migrate-meta-layouts":"default","ast-page-background-enabled":"default","ast-page-background-meta":{"desktop":{"background-color":"","background-image":"","background-repeat":"repeat","background-position":"center center","background-size":"auto","background-attachment":"scroll","background-type":"","background-media":"","overlay-type":"","overlay-color":"","overlay-opacity":"","overlay-gradient":""},"tablet":{"background-color":"","background-image":"","background-repeat":"repeat","background-position":"center center","background-size":"auto","background-attachment":"scroll","background-type":"","background-media":"","overlay-type":"","overlay-color":"","overlay-opacity":"","overlay-gradient":""},"mobile":{"background-color":"","background-image":"","background-repeat":"repeat","background-position":"center center","background-size":"auto","background-attachment":"scroll","background-type":"","background-media":"","overlay-type":"","overlay-color":"","overlay-opacity":"","overlay-gradient":""}},"ast-content-background-meta":{"desktop":{"background-color":"var(--ast-global-color-5)","background-image":"","background-repeat":"repeat","background-position":"center center","background-size":"auto","background-attachment":"scroll","background-type":"","background-media":"","overlay-type":"","overlay-color":"","overlay-opacity":"","overlay-gradient":""},"tablet":{"background-color":"var(--ast-global-color-5)","background-image":"","background-repeat":"repeat","background-position":"center center","background-size":"auto","background-attachment":"scroll","background-type":"","background-media":"","overlay-type":"","overlay-color":"","overlay-opacity":"","overlay-gradient":""},"mobile":{"background-color":"var(--ast-global-color-5)","background-image":"","background-repeat":"repeat","background-position":"center center","background-size":"auto","background-attachment":"scroll","background-type":"","background-media":"","overlay-type":"","overlay-color":"","overlay-opacity":"","overlay-gradient":""}},"footnotes":""},"class_list":["post-11289","page","type-page","status-publish","hentry"],"yoast_head":"<!-- This site is optimized with the Yoast SEO plugin v23.5 - https:\/\/yoast.com\/wordpress\/plugins\/seo\/ -->\n<title>Testimonios De Nuestros Impresionantes Clientes | - Trusted SEO Services | KazaamSEO - Virginia - Maryland - Baltimore - DC - California - Florida - Texas<\/title>\n<meta name=\"description\" content=\"Venga a ver lo que dicen nuestros clientes sobre su satisfacci\u00f3n con nuestros servicios. Lea nuestro post para saber m\u00e1s.\" \/>\n<meta name=\"robots\" content=\"index, follow, max-snippet:-1, max-image-preview:large, max-video-preview:-1\" \/>\n<link rel=\"canonical\" href=\"https:\/\/kazaamseo.com\/es\/testimonios\/\" \/>\n<meta property=\"og:locale\" content=\"es_ES\" \/>\n<meta property=\"og:type\" content=\"article\" \/>\n<meta property=\"og:title\" content=\"Testimonios De Nuestros Impresionantes Clientes | - Trusted SEO Services | KazaamSEO - Virginia - Maryland - Baltimore - DC - California - Florida - Texas\" \/>\n<meta property=\"og:description\" content=\"Venga a ver lo que dicen nuestros clientes sobre su satisfacci\u00f3n con nuestros servicios. Lea nuestro post para saber m\u00e1s.\" \/>\n<meta property=\"og:url\" content=\"https:\/\/kazaamseo.com\/es\/testimonios\/\" \/>\n<meta property=\"og:site_name\" content=\"Trusted SEO Services | KazaamSEO - Virginia - Maryland - Baltimore - DC - California - Florida - Texas\" \/>\n<meta property=\"article:publisher\" content=\"https:\/\/www.facebook.com\/seokazaam\" \/>\n<meta property=\"article:modified_time\" content=\"2025-07-06T02:45:57+00:00\" \/>\n<meta property=\"og:image\" content=\"https:\/\/kazaamseo.com\/wp-content\/uploads\/2022\/08\/brightlocal-reviews-1024x749.jpg\" \/>\n<meta name=\"twitter:card\" content=\"summary_large_image\" \/>\n<meta name=\"twitter:site\" content=\"@kazaamseo\" \/>\n<meta name=\"twitter:label1\" content=\"Tiempo de lectura\" \/>\n\t<meta name=\"twitter:data1\" content=\"2 minutos\" \/>\n<!-- \/ Yoast SEO plugin. -->","yoast_head_json":{"title":"Testimonios De Nuestros Impresionantes Clientes | - Trusted SEO Services | KazaamSEO - Virginia - Maryland - Baltimore - DC - California - Florida - Texas","description":"Venga a ver lo que dicen nuestros clientes sobre su satisfacci\u00f3n con nuestros servicios. Lea nuestro post para saber m\u00e1s.","robots":{"index":"index","follow":"follow","max-snippet":"max-snippet:-1","max-image-preview":"max-image-preview:large","max-video-preview":"max-video-preview:-1"},"canonical":"https:\/\/kazaamseo.com\/es\/testimonios\/","og_locale":"es_ES","og_type":"article","og_title":"Testimonios De Nuestros Impresionantes Clientes | - Trusted SEO Services | KazaamSEO - Virginia - Maryland - Baltimore - DC - California - Florida - Texas","og_description":"Venga a ver lo que dicen nuestros clientes sobre su satisfacci\u00f3n con nuestros servicios. Lea nuestro post para saber m\u00e1s.","og_url":"https:\/\/kazaamseo.com\/es\/testimonios\/","og_site_name":"Trusted SEO Services | KazaamSEO - Virginia - Maryland - Baltimore - DC - California - Florida - Texas","article_publisher":"https:\/\/www.facebook.com\/seokazaam","article_modified_time":"2025-07-06T02:45:57+00:00","og_image":[{"url":"https:\/\/kazaamseo.com\/wp-content\/uploads\/2022\/08\/brightlocal-reviews-1024x749.jpg"}],"twitter_card":"summary_large_image","twitter_site":"@kazaamseo","twitter_misc":{"Tiempo de lectura":"2 minutos"},"schema":{"@context":"https:\/\/schema.org","@graph":[{"@type":"WebPage","@id":"https:\/\/kazaamseo.com\/es\/testimonios\/","url":"https:\/\/kazaamseo.com\/es\/testimonios\/","name":"Testimonios De Nuestros Impresionantes Clientes | - Trusted SEO Services | KazaamSEO - Virginia - Maryland - Baltimore - DC - California - Florida - Texas","isPartOf":{"@id":"https:\/\/kazaamseo.com\/es\/#website"},"primaryImageOfPage":{"@id":"https:\/\/kazaamseo.com\/es\/testimonios\/#primaryimage"},"image":{"@id":"https:\/\/kazaamseo.com\/es\/testimonios\/#primaryimage"},"thumbnailUrl":"https:\/\/kazaamseo.com\/wp-content\/uploads\/2022\/08\/brightlocal-reviews-1024x749.jpg","datePublished":"2021-01-06T04:39:32+00:00","dateModified":"2025-07-06T02:45:57+00:00","description":"Venga a ver lo que dicen nuestros clientes sobre su satisfacci\u00f3n con nuestros servicios. Lea nuestro post para saber m\u00e1s.","breadcrumb":{"@id":"https:\/\/kazaamseo.com\/es\/testimonios\/#breadcrumb"},"inLanguage":"es","potentialAction":[{"@type":"ReadAction","target":["https:\/\/kazaamseo.com\/es\/testimonios\/"]}]},{"@type":"ImageObject","inLanguage":"es","@id":"https:\/\/kazaamseo.com\/es\/testimonios\/#primaryimage","url":"https:\/\/kazaamseo.com\/wp-content\/uploads\/2022\/08\/brightlocal-reviews-1024x749.jpg","contentUrl":"https:\/\/kazaamseo.com\/wp-content\/uploads\/2022\/08\/brightlocal-reviews-1024x749.jpg"},{"@type":"BreadcrumbList","@id":"https:\/\/kazaamseo.com\/es\/testimonios\/#breadcrumb","itemListElement":[{"@type":"ListItem","position":1,"name":"Hogar","item":"https:\/\/kazaamseo.com\/es\/"},{"@type":"ListItem","position":2,"name":"Testimonios"}]},{"@type":"WebSite","@id":"https:\/\/kazaamseo.com\/es\/#website","url":"https:\/\/kazaamseo.com\/es\/","name":"KazaamSEO","description":"Tailored Marketing Solutions for Your Business. We Help You Grow Organically.","publisher":{"@id":"https:\/\/kazaamseo.com\/es\/#organization"},"potentialAction":[{"@type":"SearchAction","target":{"@type":"EntryPoint","urlTemplate":"https:\/\/kazaamseo.com\/es\/?s={search_term_string}"},"query-input":{"@type":"PropertyValueSpecification","valueRequired":true,"valueName":"search_term_string"}}],"inLanguage":"es"},{"@type":"Organization","@id":"https:\/\/kazaamseo.com\/es\/#organization","name":"KazaamSEO","url":"https:\/\/kazaamseo.com\/es\/","logo":{"@type":"ImageObject","inLanguage":"es","@id":"https:\/\/kazaamseo.com\/es\/#\/schema\/logo\/image\/","url":"https:\/\/kazaamseo.com\/wp-content\/uploads\/2019\/01\/LogoMakr_8aHYUh-e1563220263778.png","contentUrl":"https:\/\/kazaamseo.com\/wp-content\/uploads\/2019\/01\/LogoMakr_8aHYUh-e1563220263778.png","width":100,"height":100,"caption":"KazaamSEO"},"image":{"@id":"https:\/\/kazaamseo.com\/es\/#\/schema\/logo\/image\/"},"sameAs":["https:\/\/www.facebook.com\/seokazaam","https:\/\/x.com\/kazaamseo"]}]}},"_links":{"self":[{"href":"https:\/\/kazaamseo.com\/es\/wp-json\/wp\/v2\/pages\/11289","targetHints":{"allow":["GET"]}}],"collection":[{"href":"https:\/\/kazaamseo.com\/es\/wp-json\/wp\/v2\/pages"}],"about":[{"href":"https:\/\/kazaamseo.com\/es\/wp-json\/wp\/v2\/types\/page"}],"author":[{"embeddable":true,"href":"https:\/\/kazaamseo.com\/es\/wp-json\/wp\/v2\/users\/1"}],"replies":[{"embeddable":true,"href":"https:\/\/kazaamseo.com\/es\/wp-json\/wp\/v2\/comments?post=11289"}],"version-history":[{"count":0,"href":"https:\/\/kazaamseo.com\/es\/wp-json\/wp\/v2\/pages\/11289\/revisions"}],"wp:attachment":[{"href":"https:\/\/kazaamseo.com\/es\/wp-json\/wp\/v2\/media?parent=11289"}],"curies":[{"name":"wp","href":"https:\/\/api.w.org\/{rel}","templated":true}]}}